{"id":2156,"date":"2024-01-17T14:00:45","date_gmt":"2024-01-17T14:00:45","guid":{"rendered":"https:\/\/investeringogklima.danspot.dk\/?page_id=2156"},"modified":"2024-01-31T15:02:22","modified_gmt":"2024-01-31T15:02:22","slug":"klimaregnskab","status":"publish","type":"page","link":"https:\/\/investeringogklima.dk\/index.php\/klimaregnskab\/","title":{"rendered":"Klimaregnskab"},"content":{"rendered":"<h1>Klimaregnskab<\/h1>\n<div>Investering &#038; Klima er din partner i skabelsen af en gr\u00f8nnere og mere b\u00e6redygtig fremtid. Vi forst\u00e5r vigtigheden af hvordan klimaforandringerne skaber nye krav til virksomheder. Vores m\u00e5l er at hj\u00e6lpe dig med at navigere under disse nye vilk\u00e5r. <\/p>\n<p>Nedenfor finder du forslag til tiltag, der kan indarbejdes i din virksomheds b\u00e6redygtighedsstrategi:<\/p><\/div>\n<ul>\n<li>\n<h3>CO2-Fodaftryksm\u00e5ling<\/h3>\n<div>Gennemf\u00f8r en grundig m\u00e5ling af din virksomheds CO2-fodaftryk ved at analysere alle relevante aktiviteter, fra produktion til distribution.<\/div>\n<\/li>\n<li>\n<h3>Energiforbrugs-reduktion<\/h3>\n<div>Implementer energieffektive processer og teknologier for at reducere virksomhedens samlede energiforbrug og afh\u00e6ngighed af ikke-b\u00e6redygtige energikilder.<\/div>\n<\/li>\n<li>\n<h3>Gr\u00f8n Transport<\/h3>\n<div>Overvej at implementere gr\u00f8nne transportl\u00f8sninger, s\u00e5som elektriske k\u00f8ret\u00f8jer eller investering i offentlig transport, for at mindske transportens klimaaftryk.<\/div>\n<\/li>\n<li>\n<h3>B\u00e6redygtige Indk\u00f8b<\/h3>\n<div>Skift til b\u00e6redygtige og milj\u00f8venlige leverand\u00f8rer for at reducere den indirekte p\u00e5virkning fra din forsyningsk\u00e6de.<\/div>\n<\/li>\n<li>\n<h3>Cirkul\u00e6r \u00d8konomi<\/h3>\n<div>Fremme principperne om cirkul\u00e6r \u00f8konomi ved at genanvende og genbruge materialer i produktionsprocessen og minimere affald.<\/div>\n<\/li>\n<li>\n<h3>Skovbevaring og Genplantning<\/h3>\n<div>Engager dig i skovbevaringsprojekter eller st\u00f8t genplantning af tr\u00e6er for at kompensere for CO2-udledning og bevare biodiversitet.<\/div>\n<\/li>\n<li>\n<h3>B\u00e6redygtige Bygninger<\/h3>\n<div>Optimer bygningsdesignet for at forbedre energieffektiviteten og reducerer milj\u00f8m\u00e6ssige p\u00e5virkninger, herunder materialer og vandforbrug.<\/div>\n<\/li>\n<li>\n<h3>Medarbejder-bevidsthed<\/h3>\n<div>\u00d8g medarbejdernes bevidsthed om klimaforandringer og opmuntr dem til at deltage i virksomhedens b\u00e6redygtighedsindsats.<\/div>\n<\/li>\n<li>\n<h3>Invester i Gr\u00f8n Teknologi<\/h3>\n<div>Identificer og invester i innovative teknologier, der kan hj\u00e6lpe med at reducere klimaaftrykket, som for eksempel solenergi eller avancerede produktionsmetoder.<\/div>\n<\/li>\n<li>\n<h3>Klimaneutralitet<\/h3>\n<div>S\u00e6t m\u00e5l for at opn\u00e5 klimaneutralitet ved at reducere egne emissioner og kompensere for resterende CO2-udledninger gennem klimakompensation eller investering i klimaprojekter.<\/div>\n<\/li>\n<\/ul>\n<div><a href=\"https:\/\/investeringogklima.dk\/index.php\/kontakt\/\">Kontakt Investering &#038; Klima<\/a> i dag for, at starte din rejse mod en mere b\u00e6redygtig og klimavenlig fremtid.<\/div>\n<p><!--more--><br \/>\n<!-- {\"type\":\"layout\",\"children\":[{\"name\":\"Hero\",\"type\":\"section\",\"props\":{\"animation\":\"slide-bottom-medium\",\"animation_delay\":\"200\",\"image\":\"wp-content\\\/uploads\\\/2024\\\/01\\\/klima.jpg\",\"image_loading\":true,\"image_position\":\"center-center\",\"image_size\":\"cover\",\"image_width\":\"1920\",\"media\":\"images\\\/service-header.jpg\",\"overlap\":true,\"padding\":\"xlarge\",\"style\":\"secondary\",\"title_breakpoint\":\"xl\",\"title_position\":\"top-left\",\"title_rotation\":\"left\",\"vertical_align\":\"middle\",\"width\":\"default\"},\"children\":[{\"type\":\"row\",\"children\":[{\"type\":\"column\",\"props\":{\"image_position\":\"center-center\",\"position_sticky_breakpoint\":\"m\",\"width_medium\":\"1-1\"},\"children\":[{\"type\":\"headline\",\"props\":{\"content\":\"\",\"margin\":\"small\",\"text_align\":\"center\",\"title_element\":\"div\",\"title_style\":\"h5\"}},{\"type\":\"headline\",\"props\":{\"content\":\"Klimaregnskab\",\"margin\":\"small\",\"text_align\":\"center\",\"title_element\":\"h1\",\"title_style\":\"heading-large\"}}]}]}]},{\"type\":\"section\",\"props\":{\"image_position\":\"center-center\",\"style\":\"default\",\"title_breakpoint\":\"xl\",\"title_position\":\"top-left\",\"title_rotation\":\"left\",\"vertical_align\":\"middle\",\"width\":\"default\"},\"children\":[{\"type\":\"row\",\"children\":[{\"type\":\"column\",\"props\":{\"image_position\":\"center-center\",\"position_sticky_breakpoint\":\"m\"},\"children\":[{\"type\":\"text\",\"props\":{\"block_align\":\"center\",\"column_breakpoint\":\"m\",\"content\":\"Investering & Klima er din partner i skabelsen af en gr\\u00f8nnere og mere b\\u00e6redygtig fremtid. Vi forst\\u00e5r vigtigheden af hvordan klimaforandringerne skaber nye krav til virksomheder. Vores m\\u00e5l er at hj\\u00e6lpe dig med at navigere under disse nye vilk\\u00e5r. \n\nNedenfor finder du forslag til tiltag, der kan indarbejdes i din virksomheds b\\u00e6redygtighedsstrategi:\",\"margin\":\"medium\",\"maxwidth\":\"xlarge\",\"text_align\":\"center\",\"text_color\":\"emphasis\",\"text_style\":\"large\"}},{\"type\":\"divider\",\"props\":{\"block_align\":\"center\",\"divider_element\":\"div\",\"divider_style\":\"icon\",\"maxwidth\":\"large\"}}]}]}]},{\"type\":\"section\",\"props\":{\"image_position\":\"center-center\",\"style\":\"default\",\"title_breakpoint\":\"xl\",\"title_position\":\"top-left\",\"title_rotation\":\"left\",\"vertical_align\":\"middle\",\"width\":\"default\"},\"children\":[{\"type\":\"row\",\"children\":[{\"type\":\"column\",\"props\":{\"image_position\":\"center-center\",\"position_sticky_breakpoint\":\"m\"},\"children\":[{\"name\":\"Description List Meta Below Title\",\"type\":\"description_list\",\"children\":[{\"type\":\"description_list_item\",\"props\":{\"content\":\"Gennemf\\u00f8r en grundig m\\u00e5ling af din virksomheds CO2-fodaftryk ved at analysere alle relevante aktiviteter, fra produktion til distribution.\",\"meta\":\"\",\"title\":\"CO2-Fodaftryksm\\u00e5ling\"}},{\"type\":\"description_list_item\",\"props\":{\"content\":\"Implementer energieffektive processer og teknologier for at reducere virksomhedens samlede energiforbrug og afh\\u00e6ngighed af ikke-b\\u00e6redygtige energikilder.\",\"meta\":\"\",\"title\":\"Energiforbrugs-reduktion\"}},{\"type\":\"description_list_item\",\"props\":{\"content\":\"Overvej at implementere gr\\u00f8nne transportl\\u00f8sninger, s\\u00e5som elektriske k\\u00f8ret\\u00f8jer eller investering i offentlig transport, for at mindske transportens klimaaftryk.\",\"meta\":\"\",\"title\":\"Gr\\u00f8n Transport\"}},{\"type\":\"description_list_item\",\"props\":{\"content\":\"Skift til b\\u00e6redygtige og milj\\u00f8venlige leverand\\u00f8rer for at reducere den indirekte p\\u00e5virkning fra din forsyningsk\\u00e6de.\",\"title\":\"B\\u00e6redygtige Indk\\u00f8b\"}},{\"type\":\"description_list_item\",\"props\":{\"content\":\"Fremme principperne om cirkul\\u00e6r \\u00f8konomi ved at genanvende og genbruge materialer i produktionsprocessen og minimere affald.\",\"title\":\"Cirkul\\u00e6r \\u00d8konomi\"}},{\"type\":\"description_list_item\",\"props\":{\"content\":\"Engager dig i skovbevaringsprojekter eller st\\u00f8t genplantning af tr\\u00e6er for at kompensere for CO2-udledning og bevare biodiversitet.\",\"title\":\"Skovbevaring og Genplantning\"}},{\"type\":\"description_list_item\",\"props\":{\"content\":\"Optimer bygningsdesignet for at forbedre energieffektiviteten og reducerer milj\\u00f8m\\u00e6ssige p\\u00e5virkninger, herunder materialer og vandforbrug.\",\"title\":\"B\\u00e6redygtige Bygninger\"}},{\"type\":\"description_list_item\",\"props\":{\"content\":\"\\u00d8g medarbejdernes bevidsthed om klimaforandringer og opmuntr dem til at deltage i virksomhedens b\\u00e6redygtighedsindsats.\",\"title\":\"Medarbejder-bevidsthed\"}},{\"type\":\"description_list_item\",\"props\":{\"content\":\"Identificer og invester i innovative teknologier, der kan hj\\u00e6lpe med at reducere klimaaftrykket, som for eksempel solenergi eller avancerede produktionsmetoder.\",\"title\":\"Invester i Gr\\u00f8n Teknologi\"}},{\"type\":\"description_list_item\",\"props\":{\"content\":\"S\\u00e6t m\\u00e5l for at opn\\u00e5 klimaneutralitet ved at reducere egne emissioner og kompensere for resterende CO2-udledninger gennem klimakompensation eller investering i klimaprojekter.\",\"title\":\"Klimaneutralitet\"}}],\"props\":{\"block_align\":\"center\",\"column_breakpoint\":\"m\",\"item_maxwidth\":\"large\",\"layout\":\"grid-2\",\"list_element\":\"ul\",\"list_size\":\"large\",\"list_style\":\"divider\",\"margin\":\"default\",\"meta_align\":\"below-title\",\"meta_style\":\"text-meta\",\"show_content\":true,\"show_link\":true,\"show_meta\":false,\"show_title\":true,\"title_colon\":false,\"title_element\":\"h3\",\"title_grid_breakpoint\":\"m\",\"title_grid_column_gap\":\"large\",\"title_grid_row_gap\":\"large\",\"title_grid_width\":\"medium\",\"title_style\":\"h4\"}}]}]}]},{\"type\":\"section\",\"props\":{\"image_position\":\"center-center\",\"style\":\"default\",\"title_breakpoint\":\"xl\",\"title_position\":\"top-left\",\"title_rotation\":\"left\",\"vertical_align\":\"middle\",\"width\":\"default\"},\"children\":[{\"type\":\"row\",\"children\":[{\"type\":\"column\",\"props\":{\"image_position\":\"center-center\",\"position_sticky_breakpoint\":\"m\"},\"children\":[{\"type\":\"divider\",\"props\":{\"block_align\":\"center\",\"divider_element\":\"div\",\"divider_style\":\"icon\",\"maxwidth\":\"large\"}},{\"type\":\"text\",\"props\":{\"block_align\":\"center\",\"column_breakpoint\":\"m\",\"content\":\"<a href=\\\"https:\\\/\\\/investeringogklima.dk\\\/index.php\\\/kontakt\\\/\\\">Kontakt Investering & Klima<\\\/a> i dag for, at starte din rejse mod en mere b\\u00e6redygtig og klimavenlig fremtid.\",\"margin\":\"medium\",\"maxwidth\":\"xlarge\",\"text_align\":\"center\",\"text_color\":\"emphasis\",\"text_style\":\"large\"}}]}]}]}],\"version\":\"4.2.13\"} --><\/p>\n","protected":false},"excerpt":{"rendered":"<p>Klimaregnskab Investering &#038; Klima er din partner i skabelsen af en gr\u00f8nnere og mere b\u00e6redygtig fremtid. Vi forst\u00e5r vigtigheden af hvordan klimaforandringerne skaber nye krav til virksomheder. Vores m\u00e5l er at hj\u00e6lpe dig med at navigere under disse nye vilk\u00e5r. Nedenfor finder du forslag til tiltag, der kan indarbejdes i din virksomheds b\u00e6redygtighedsstrategi: CO2-Fodaftryksm\u00e5ling Gennemf\u00f8r [&hellip;]<\/p>\n","protected":false},"author":3,"featured_media":0,"parent":0,"menu_order":0,"comment_status":"closed","ping_status":"closed","template":"","meta":{"footnotes":""},"class_list":["post-2156","page","type-page","status-publish","hentry"],"_links":{"self":[{"href":"https:\/\/investeringogklima.dk\/index.php\/wp-json\/wp\/v2\/pages\/2156","targetHints":{"allow":["GET"]}}],"collection":[{"href":"https:\/\/investeringogklima.dk\/index.php\/wp-json\/wp\/v2\/pages"}],"about":[{"href":"https:\/\/investeringogklima.dk\/index.php\/wp-json\/wp\/v2\/types\/page"}],"author":[{"embeddable":true,"href":"https:\/\/investeringogklima.dk\/index.php\/wp-json\/wp\/v2\/users\/3"}],"replies":[{"embeddable":true,"href":"https:\/\/investeringogklima.dk\/index.php\/wp-json\/wp\/v2\/comments?post=2156"}],"version-history":[{"count":11,"href":"https:\/\/investeringogklima.dk\/index.php\/wp-json\/wp\/v2\/pages\/2156\/revisions"}],"predecessor-version":[{"id":2277,"href":"https:\/\/investeringogklima.dk\/index.php\/wp-json\/wp\/v2\/pages\/2156\/revisions\/2277"}],"wp:attachment":[{"href":"https:\/\/investeringogklima.dk\/index.php\/wp-json\/wp\/v2\/media?parent=2156"}],"curies":[{"name":"wp","href":"https:\/\/api.w.org\/{rel}","templated":true}]}}