{"id":1200,"date":"2022-11-09T14:12:16","date_gmt":"2022-11-09T14:12:16","guid":{"rendered":"https:\/\/investeringogklima.dk\/?page_id=1200"},"modified":"2024-02-02T12:42:38","modified_gmt":"2024-02-02T12:42:38","slug":"ny-forside","status":"publish","type":"page","link":"https:\/\/investeringogklima.dk\/","title":{"rendered":"Forside"},"content":{"rendered":"<div>\n<h3>Gr\u00f8n omstilling for virksomheder<\/h3>\n<div><strong>&#8220;Tag det f\u00f8rste skridt mod en b\u00e6redygtig fremtid&#8221;<\/strong><\/p>\n<p>Investering og Klima kan hj\u00e6lpe din virksomhed med Klimaregnskab og ESG-rapportering.<\/p><\/div>\n<p><a href=\"https:\/\/investeringogstudiebolig.lpages.co\/hent-info-klima\/\">Yderligere information<\/a><\/p>\n<\/div>\n<div>\n<div class=\"scrolldown-wrapper\">\n<div class=\"scrolldown\">\n\t\t<svg height=\"30\" width=\"10\">\n\t\t\t<circle class=\"scrolldown-p1\" cx=\"5\" cy=\"15\" r=\"2\" \/>\n\t\t\t<circle class=\"scrolldown-p2\" cx=\"5\" cy=\"15\" r=\"2\" \/>\n\t\t<\/svg>\n\t<\/div>\n<\/div>\n<\/div>\n<div>\n<p>        <img decoding=\"async\" src=\"\/wp-content\/uploads\/2024\/01\/graph-part.jpg\" alt=\"\"><\/p>\n<h3>Klimaregnskab<\/h3>\n<p>CO2-beregning<\/p>\n<div>\n<p>Scope 1<br \/>Scope 2<br \/>V\u00e6rdik\u00e6deanalyse<br \/>Scope 3 (tilg\u00e6ngelige data)<\/p>\n<p>Plan for indsamling af \u00f8vrige Scope 3 data<\/p>\n<p style=\"padding-bottom:5px;\">\n<div class=\"uk-margin-medium-top\">\n<span class=\"el-link uk-button uk-button-primary\">FRA 14.900 kr.<\/span><\/div>\n<\/div>\n<\/div>\n<div>\n<p>        <img decoding=\"async\" src=\"\/wp-content\/uploads\/2024\/01\/windmill-part.jpg\" alt=\"\"><\/p>\n<h3>ESG<\/h3>\n<p>Rapportering af<\/p>\n<div>\n<p><strong>E<\/strong> &#8211; Environment \u2013 milj\u00f8<br \/><strong>S<\/strong> &#8211; Social \u2013 Trivsel, menneskerettigheder, k\u00f8nsdiversitet og socialt ansvar<br \/><strong>G<\/strong> &#8211; Governance \u2013 ledelse<\/p>\n<p>Forslag til implementering af b\u00e6redygtige tiltag<\/p>\n<div class=\"uk-margin-medium-top\">\n<span class=\"el-link uk-button uk-button-primary\">FRA 29.900 kr.<\/span><\/div>\n<\/div>\n<\/div>\n<div>\n<p>Investering &#038; Klima er dedikerede til at hj\u00e6lpe andre virksomheder med at navigere i klimaregnskab og ESG-rapportering. <\/p>\n<p>Vi forst\u00e5r vigtigheden af b\u00e6redygtighed og social ansvarlighed i dagens forretningsverden og str\u00e6ber efter at v\u00e6re din p\u00e5lidelige partner i denne rejse mod en mere b\u00e6redygtig fremtid.<\/p>\n<\/div>\n<p><img decoding=\"async\" src=\"\/wp-content\/uploads\/2022\/11\/iStock-97930783-1.jpg\" alt=\"\"><\/p>\n<h1>\n<h3 style=\"text-align: right;\">Vores mission<\/h3>\n<\/h1>\n<div>\n<p style=\"text-align: right;\">Vi har en klar mission om at g\u00f8re det lettere for virksomheder at forst\u00e5, m\u00e5le og rapportere deres milj\u00f8m\u00e6ssige, sociale og ledelsesm\u00e6ssige (ESG) pr\u00e6stationer. Vi kan skabe overblik og f\u00e5 prioriteret de tiltag som med fordel kan iv\u00e6rks\u00e6ttes. Det vigtigste er at komme i gang med den gr\u00f8nne omstilling. Et skridt ad gangen.<\/p>\n<p>Vi tilbyder skr\u00e6ddersyede l\u00f8sninger inden for klimaregnskab og ESG-rapportering og hj\u00e6lper vores kunder med at opfylde deres b\u00e6redygtighedsm\u00e5l og styrke deres brand gennem en ansvarlig forretningspraksis.<\/p>\n<\/div>\n<h1>\n<h3>Vores ekspertise<\/h3>\n<\/h1>\n<div>\n<p>Vores team af uddannede b\u00e6redygtighedskoordinatorer er dedikerede til at guide vores kunder gennem processen. <\/p>\n<p>Vi arbejder t\u00e6t sammen med vores kunder for at identificere deres unikke behov og udfordringer, og vi tilbyder praktiske og b\u00e6redygtige strategier til at forbedre deres klimaaftryk og opfylde ESG-krav.<\/p>\n<\/div>\n<div>\n<p><a href=\"https:\/\/investeringogklima.dk\/index.php\/koncept\/\"><\/a><\/p>\n<\/div>\n<p><img decoding=\"async\" src=\"\/wp-content\/uploads\/2024\/01\/medarbejdere.jpg\" alt=\"\"><\/p>\n<ul>\n<li>\n<h3>Hvad tilbyder vi?<\/h3>\n<div>\n<h4>Klimaregnskab:<\/h4>\n<p>Vores ekspertise inden for klimaregnskab hj\u00e6lper virksomheder med at identificere og kvantificere deres milj\u00f8p\u00e5virkning, herunder CO2-udledning og andre milj\u00f8m\u00e6ssige faktorer.<\/p>\n<h4>ESG-rapportering:<\/h4>\n<p>Vi guider virksomheder gennem kompleksiteten af ESG-rapportering, og vi hj\u00e6lper dem med at formulere klare og gennemsigtige rapporter med m\u00e5ls\u00e6tning, der opfylder internationale standarder.<\/p>\n<h4>B\u00e6redygtighedsstrategi:<\/h4>\n<p>Vi udvikler skr\u00e6ddersyede b\u00e6redygtighedsstrategier, der passer til dine forretningsm\u00e5l og skaber langvarig v\u00e6rdi for b\u00e5de virksomheden og samfundet.<\/p><\/div>\n<\/li>\n<li>\n<h3>Hvorfor v\u00e6lge os?<\/h3>\n<div>\n<h4>Erfaring<\/h4>\n<p>Vores team har erfaring inden for beregning af CO2-udledning, l\u00f8sningsforslag til neds\u00e6ttelse af CO2, rapportering af E (Environment), S (Social) og G (Governance), hvilket sikrer p\u00e5lidelige og effektive m\u00e5lbare l\u00f8sninger.<\/p>\n<h4>Engagement<\/h4>\n<p>Vi er dedikerede til vores kunders succes og str\u00e6ber efter at opbygge langvarige partnerskaber baseret p\u00e5 tillid og ansvarlighed.<\/p>\n<h4>Innovation<\/h4>\n<p>Vi forbliver opdaterede med de seneste udviklinger inden for b\u00e6redygtighed og ESG for at sikre, at vores kunder altid har adgang til de mest effektive l\u00f8sninger.<\/p><\/div>\n<\/li>\n<\/ul>\n<div>\n<p>Tag det f\u00f8rste skridt mod en mere b\u00e6redygtig fremtid med Investering &#038; Klima. Vi er her for at guide dig p\u00e5 rejsen mod en gr\u00f8nnere og mere ansvarlig forretning. <\/p>\n<p><a href=\"https:\/\/investeringogklima.dk\/index.php\/kontakt\/\">Kontakt os i dag<\/a> for at starte dialogen om, hvordan vi kan hj\u00e6lpe din virksomhed med klimaregnskab og ESG-rapportering.<\/p>\n<\/div>\n<p><!--more--><br \/>\n<!-- {\"type\":\"layout\",\"children\":[{\"type\":\"section\",\"props\":{\"image_position\":\"center-center\",\"media_background\":\"rgba(0, 0, 0, 0)\",\"media_blend_mode\":\"multiply\",\"overlap\":false,\"padding_remove_horizontal\":false,\"style\":\"default\",\"text_color\":\"light\",\"title_breakpoint\":\"xl\",\"title_position\":\"top-left\",\"title_rotation\":\"left\",\"vertical_align\":\"middle\",\"video\":\"https:\\\/\\\/vimeo.com\\\/907757511?share=copy\",\"video_height\":\"1080\",\"video_width\":\"1920\",\"width\":\"default\"},\"children\":[{\"type\":\"row\",\"children\":[{\"type\":\"column\",\"props\":{\"image_position\":\"center-center\",\"position_sticky_breakpoint\":\"m\",\"vertical_align\":\"middle\"},\"children\":[{\"name\":\"Grid Parallax\",\"type\":\"grid\",\"children\":[{\"type\":\"grid_item\",\"props\":{\"content\":\"<strong>\\\"Tag det f\\u00f8rste skridt mod en b\\u00e6redygtig fremtid\\\"<\\\/strong>\n\n\\n\\nInvestering og Klima kan hj\\u00e6lpe din virksomhed med Klimaregnskab og ESG-rapportering.\",\"image\":\"\",\"link\":\"https:\\\/\\\/investeringogstudiebolig.lpages.co\\\/hent-info-klima\\\/\",\"link_text\":\"Yderligere information\",\"panel_style\":\"card-primary\",\"title\":\"Gr\\u00f8n omstilling for virksomheder\"}}],\"props\":{\"content_column_breakpoint\":\"m\",\"filter_align\":\"left\",\"filter_all\":true,\"filter_grid_breakpoint\":\"m\",\"filter_grid_width\":\"auto\",\"filter_position\":\"top\",\"filter_style\":\"tab\",\"grid_default\":\"1\",\"grid_medium\":\"3\",\"grid_parallax\":\"180\",\"grid_small\":\"2\",\"icon_width\":80,\"image_align\":\"top\",\"image_grid_breakpoint\":\"m\",\"image_grid_width\":\"1-2\",\"image_height\":\"50\",\"image_svg_animate\":false,\"image_svg_color\":\"primary\",\"image_svg_inline\":true,\"image_width\":\"50\",\"item_animation\":true,\"link_style\":\"primary\",\"link_text\":\"Read more\",\"margin\":\"default\",\"meta_align\":\"below-title\",\"meta_element\":\"div\",\"meta_style\":\"text-meta\",\"panel_padding\":\"default\",\"panel_style\":\"card-default\",\"parallax_breakpoint\":\"m\",\"parallax_easing\":\"1\",\"show_content\":true,\"show_image\":true,\"show_link\":false,\"show_meta\":true,\"show_title\":true,\"title_align\":\"top\",\"title_element\":\"h3\",\"title_grid_breakpoint\":\"m\",\"title_grid_width\":\"1-2\",\"title_hover_style\":\"reset\"}}]}],\"props\":{\"height\":\"percent\"}},{\"type\":\"row\",\"children\":[{\"type\":\"column\",\"props\":{\"image_position\":\"center-center\",\"position_sticky_breakpoint\":\"m\"},\"children\":[{\"type\":\"html\",\"props\":{\"content\":\"\n\n<div class=\\\"scrolldown-wrapper\\\">\\n\\t\n\n<div class=\\\"scrolldown\\\">\\n\\t\\t<svg height=\\\"30\\\" width=\\\"10\\\">\\n\\t\\t\\t<circle class=\\\"scrolldown-p1\\\" cx=\\\"5\\\" cy=\\\"15\\\" r=\\\"2\\\" \\\/>\\n\\t\\t\\t<circle class=\\\"scrolldown-p2\\\" cx=\\\"5\\\" cy=\\\"15\\\" r=\\\"2\\\" \\\/>\\n\\t\\t<\\\/svg>\\n\\t<\\\/div>\\n<\\\/div>\",\"css\":\"body {\\n  background: #000;\\n}\\n\\n\\\/* Scroll Down *\\\/\\n\\n.scrolldown-wrapper {\\n\\tleft: 50%;\\n\\tposition: absolute;\\n\\ttext-align: center;\\n\\tbottom: 2;\\n\\ttransform: translate(-50%, -50%);\\n}\\n  \\n.scrolldown {\\n\\tborder: 1.5px solid #FFFFFF;\\n\\tborder-radius: 30px;\\n\\theight: 26px;\\n\\tmargin: 0 auto 8px;\\n\\ttext-align: center;\\n\\twidth: 15px;\\n}\\n\\n.scrolldown-p1,\\n.scrolldown-p2 {\\n\\tanimation-duration: 2s;\\n\\tanimation-name: scrolldown;\\n\\tanimation-iteration-count: infinite;\\n\\tfill: #FFFFFF;\\n}\\n  \\n.scrolldown-p2 {\\n\\tanimation-delay: .75s;\\n}\\n\\n@keyframes scrolldown {\\n\\t0% {\\n\\t\\topacity: 0;\\n\\t\\ttransform: translate(0, -8px);\\n\\t}\\n\\t50% {\\n\\t\\topacity: 1;\\n\\t\\ttransform: translate(0, 0);\\n\\t}\\n\\t100% {\\n\\t\\topacity: 0;\\n\\t\\ttransform: translate(0, 8px);\\n\\t}\\n}\"}}]}]}]},{\"type\":\"section\",\"props\":{\"image_position\":\"center-center\",\"style\":\"default\",\"title_breakpoint\":\"xl\",\"title_position\":\"top-left\",\"title_rotation\":\"left\",\"vertical_align\":\"middle\",\"width\":\"default\"},\"children\":[{\"type\":\"row\",\"props\":{\"layout\":\"1-2,1-2\"},\"children\":[{\"type\":\"column\",\"props\":{\"image_position\":\"center-center\",\"position_sticky_breakpoint\":\"m\",\"width_medium\":\"1-2\"},\"children\":[{\"name\":\"Panel Image Left\",\"type\":\"panel\",\"props\":{\"block_align\":\"center\",\"content\":\"\n\n<p>Scope 1<br \/>Scope 2<br \/>V\\u00e6rdik\\u00e6deanalyse<br \/>Scope 3 (tilg\\u00e6ngelige data)<\\\/p>Plan for indsamling af \\u00f8vrige Scope 3 data\\n\n\n<p style=\\\"padding-bottom:5px;\\\"> <\\\/p>\\n\n\n<div class=\\\"uk-margin-medium-top\\\">\\n<span class=\\\"el-link uk-button uk-button-primary\\\">FRA 14.900 kr.<\\\/span><\\\/div>\",\"content_column_breakpoint\":\"m\",\"content_margin\":\"small\",\"icon_width\":80,\"image\":\"wp-content\\\/uploads\\\/2024\\\/01\\\/graph-part.jpg\",\"image_align\":\"left\",\"image_grid_breakpoint\":\"s\",\"image_grid_width\":\"2-5\",\"image_height\":\"1280\",\"image_svg_color\":\"emphasis\",\"image_vertical_align\":true,\"image_width\":\"960\",\"link_margin\":\"medium\",\"link_style\":\"primary\",\"link_text\":\"FRA 14.900 kr.\",\"margin\":\"default\",\"meta\":\"CO2-beregning\",\"meta_align\":\"above-title\",\"meta_element\":\"div\",\"meta_margin\":\"small\",\"meta_style\":\"text-meta\",\"panel_image_no_padding\":true,\"panel_padding\":\"default\",\"panel_style\":\"card-default\",\"title\":\"Klimaregnskab\",\"title_align\":\"top\",\"title_element\":\"h3\",\"title_grid_breakpoint\":\"m\",\"title_grid_width\":\"1-2\",\"title_hover_style\":\"reset\",\"title_margin\":\"small\"}}]},{\"type\":\"column\",\"props\":{\"image_position\":\"center-center\",\"position_sticky_breakpoint\":\"m\",\"width_medium\":\"1-2\"},\"children\":[{\"name\":\"Panel Image Right\",\"type\":\"panel\",\"props\":{\"block_align\":\"center\",\"content\":\"\n\n<p><strong>E<\\\/strong> - Environment \\u2013 milj\\u00f8<br \\\/><strong>S<\\\/strong> - Social \\u2013 Trivsel, menneskerettigheder, k\\u00f8nsdiversitet og socialt ansvar<br \\\/><strong>G<\\\/strong> - Governance \\u2013 ledelse<br \\\/><br \\\/>Forslag til implementering af b\\u00e6redygtige tiltag<\\\/p>\\n\n\n<div class=\\\"uk-margin-medium-top\\\">\\n<span class=\\\"el-link uk-button uk-button-primary\\\">FRA 29.900 kr.<\\\/span><\\\/div>\\n\",\"content_column_breakpoint\":\"m\",\"content_margin\":\"small\",\"icon_width\":80,\"image\":\"wp-content\\\/uploads\\\/2024\\\/01\\\/windmill-part.jpg\",\"image_align\":\"right\",\"image_grid_breakpoint\":\"s\",\"image_grid_width\":\"2-5\",\"image_height\":\"1280\",\"image_svg_color\":\"emphasis\",\"image_vertical_align\":true,\"image_width\":\"960\",\"link_margin\":\"medium\",\"link_style\":\"primary\",\"link_text\":\"FRA 29.900 kr.\",\"margin\":\"default\",\"meta\":\"Rapportering af\",\"meta_align\":\"above-title\",\"meta_element\":\"div\",\"meta_margin\":\"small\",\"meta_style\":\"text-meta\",\"panel_image_no_padding\":true,\"panel_padding\":\"default\",\"panel_style\":\"card-default\",\"title\":\"ESG\",\"title_align\":\"top\",\"title_element\":\"h3\",\"title_grid_breakpoint\":\"m\",\"title_grid_width\":\"1-2\",\"title_hover_style\":\"reset\",\"title_margin\":\"small\"}}]}]}]},{\"type\":\"section\",\"props\":{\"image_position\":\"center-center\",\"style\":\"default\",\"title_breakpoint\":\"xl\",\"title_position\":\"top-left\",\"title_rotation\":\"left\",\"vertical_align\":\"middle\",\"width\":\"default\"},\"children\":[{\"type\":\"row\",\"children\":[{\"type\":\"column\",\"props\":{\"image_position\":\"center-center\",\"position_sticky_breakpoint\":\"m\"},\"children\":[{\"type\":\"text\",\"props\":{\"block_align\":\"center\",\"column_breakpoint\":\"m\",\"content\":\"\n\n<p>Investering & Klima er dedikerede til at hj\\u00e6lpe andre virksomheder med at navigere i klimaregnskab og ESG-rapportering. \n\nVi forst\\u00e5r vigtigheden af b\\u00e6redygtighed og social ansvarlighed i dagens forretningsverden og str\\u00e6ber efter at v\\u00e6re din p\\u00e5lidelige partner i denne rejse mod en mere b\\u00e6redygtig fremtid.<\\\/p>\",\"margin\":\"medium\",\"maxwidth\":\"xlarge\",\"text_align\":\"center\",\"text_color\":\"emphasis\",\"text_style\":\"large\"}}]}]}],\"name\":\"Introtekst\"},{\"type\":\"section\",\"props\":{\"image_position\":\"center-center\",\"style\":\"default\",\"title_breakpoint\":\"xl\",\"title_position\":\"top-left\",\"title_rotation\":\"left\",\"vertical_align\":\"middle\",\"width\":\"default\"},\"children\":[{\"type\":\"row\",\"props\":{\"layout\":\"1-2,1-2\"},\"children\":[{\"type\":\"column\",\"props\":{\"image_position\":\"center-center\",\"position_sticky_breakpoint\":\"m\",\"width_medium\":\"1-2\"},\"children\":[{\"type\":\"image\",\"props\":{\"image\":\"wp-content\\\/uploads\\\/2022\\\/11\\\/iStock-97930783-1.jpg\",\"image_svg_color\":\"emphasis\",\"margin\":\"default\"}}]},{\"type\":\"column\",\"props\":{\"image_position\":\"center-center\",\"position_sticky_breakpoint\":\"m\",\"vertical_align\":\"middle\",\"width_medium\":\"1-2\"},\"children\":[{\"type\":\"headline\",\"props\":{\"content\":\"\n\n<h3 style=\\\"text-align: right;\\\">Vores mission<\\\/h3>\",\"title_element\":\"h1\"}},{\"type\":\"text\",\"props\":{\"column_breakpoint\":\"m\",\"content\":\"\n\n<p style=\\\"text-align: right;\\\">Vi har en klar mission om at g\\u00f8re det lettere for virksomheder at forst\\u00e5, m\\u00e5le og rapportere deres milj\\u00f8m\\u00e6ssige, sociale og ledelsesm\\u00e6ssige (ESG) pr\\u00e6stationer. Vi kan skabe overblik og f\\u00e5 prioriteret de tiltag som med fordel kan iv\\u00e6rks\\u00e6ttes. Det vigtigste er at komme i gang med den gr\\u00f8nne omstilling. Et skridt ad gangen.<br \\\/><br \\\/>Vi tilbyder skr\\u00e6ddersyede l\\u00f8sninger inden for klimaregnskab og ESG-rapportering og hj\\u00e6lper vores kunder med at opfylde deres b\\u00e6redygtighedsm\\u00e5l og styrke deres brand gennem en ansvarlig forretningspraksis.<\\\/p>\",\"margin\":\"default\"}}]}]}]},{\"type\":\"section\",\"props\":{\"image_position\":\"center-center\",\"style\":\"default\",\"title_breakpoint\":\"xl\",\"title_position\":\"top-left\",\"title_rotation\":\"left\",\"vertical_align\":\"middle\",\"width\":\"default\"},\"children\":[{\"type\":\"row\",\"props\":{\"layout\":\"1-2,1-2\"},\"children\":[{\"type\":\"column\",\"props\":{\"image_position\":\"center-center\",\"position_sticky_breakpoint\":\"m\",\"vertical_align\":\"middle\",\"width_medium\":\"1-2\"},\"children\":[{\"type\":\"headline\",\"props\":{\"content\":\"\n\n<h3>Vores ekspertise<\\\/h3>\",\"title_element\":\"h1\"}},{\"type\":\"text\",\"props\":{\"column_breakpoint\":\"m\",\"content\":\"\n\n<p>Vores team af uddannede b\\u00e6redygtighedskoordinatorer er dedikerede til at guide vores kunder gennem processen. \n\nVi arbejder t\\u00e6t sammen med vores kunder for at identificere deres unikke behov og udfordringer, og vi tilbyder praktiske og b\\u00e6redygtige strategier til at forbedre deres klimaaftryk og opfylde ESG-krav.<\\\/p>\",\"margin\":\"default\"}},{\"type\":\"text\",\"props\":{\"column_breakpoint\":\"m\",\"content\":\"\n\n<p><a href=\\\"https:\\\/\\\/investeringogklima.dk\\\/index.php\\\/koncept\\\/\\\"><\\\/a><\\\/p>\",\"margin\":\"default\",\"text_style\":\"meta\"}}]},{\"type\":\"column\",\"props\":{\"image_position\":\"center-center\",\"position_sticky_breakpoint\":\"m\",\"width_medium\":\"1-2\"},\"children\":[{\"type\":\"image\",\"props\":{\"image\":\"wp-content\\\/uploads\\\/2024\\\/01\\\/medarbejdere.jpg\",\"image_svg_color\":\"emphasis\",\"margin\":\"default\"}}]}]}]},{\"type\":\"section\",\"props\":{\"image_position\":\"center-center\",\"style\":\"default\",\"title_breakpoint\":\"xl\",\"title_position\":\"top-left\",\"title_rotation\":\"left\",\"vertical_align\":\"middle\",\"width\":\"default\"},\"children\":[{\"type\":\"row\",\"children\":[{\"type\":\"column\",\"props\":{\"image_position\":\"center-center\",\"position_sticky_breakpoint\":\"m\"}}]},{\"type\":\"row\",\"children\":[{\"type\":\"column\",\"props\":{\"image_position\":\"center-center\",\"position_sticky_breakpoint\":\"m\"},\"children\":[{\"name\":\"Switcher Tabs Top Image Bottom\",\"type\":\"switcher\",\"children\":[{\"type\":\"switcher_item\",\"props\":{\"content\":\"\n\n<h4>Klimaregnskab:<\\\/h4>\\nVores ekspertise inden for klimaregnskab hj\\u00e6lper virksomheder med at identificere og kvantificere deres milj\\u00f8p\\u00e5virkning, herunder CO2-udledning og andre milj\\u00f8m\\u00e6ssige faktorer.\\n\\n\n\n<h4>ESG-rapportering:<\\\/h4>\\nVi guider virksomheder gennem kompleksiteten af ESG-rapportering, og vi hj\\u00e6lper dem med at formulere klare og gennemsigtige rapporter med m\\u00e5ls\\u00e6tning, der opfylder internationale standarder.\\n\\n\n\n<h4>B\\u00e6redygtighedsstrategi:<\\\/h4> \\nVi udvikler skr\\u00e6ddersyede b\\u00e6redygtighedsstrategier, der passer til dine forretningsm\\u00e5l og skaber langvarig v\\u00e6rdi for b\\u00e5de virksomheden og samfundet.\",\"image\":\"\",\"title\":\"Hvad tilbyder vi?\"}},{\"type\":\"switcher_item\",\"props\":{\"content\":\"\n\n<h4>Erfaring<\\\/h4>\\nVores team har erfaring inden for beregning af CO2-udledning, l\\u00f8sningsforslag til neds\\u00e6ttelse af CO2, rapportering af E (Environment), S (Social) og G (Governance), hvilket sikrer p\\u00e5lidelige og effektive m\\u00e5lbare l\\u00f8sninger.\\n\\n\n\n<h4>Engagement<\\\/h4>\\nVi er dedikerede til vores kunders succes og str\\u00e6ber efter at opbygge langvarige partnerskaber baseret p\\u00e5 tillid og ansvarlighed.\\n\\n\n\n<h4>Innovation<\\\/h4>\\nVi forbliver opdaterede med de seneste udviklinger inden for b\\u00e6redygtighed og ESG for at sikre, at vores kunder altid har adgang til de mest effektive l\\u00f8sninger.\",\"title\":\"Hvorfor v\\u00e6lge os?\"}}],\"props\":{\"content_column_breakpoint\":\"m\",\"image_align\":\"bottom\",\"image_grid_breakpoint\":\"m\",\"image_grid_width\":\"auto\",\"image_svg_color\":\"emphasis\",\"image_svg_inline\":true,\"image_vertical_align\":true,\"link_style\":\"default\",\"link_text\":\"Read more\",\"margin\":\"default\",\"margin_remove_bottom\":false,\"margin_remove_top\":false,\"meta_align\":\"below-title\",\"meta_element\":\"div\",\"meta_style\":\"text-meta\",\"nav\":\"tab\",\"nav_align\":\"left\",\"nav_grid_breakpoint\":\"m\",\"nav_grid_width\":\"auto\",\"nav_margin\":\"medium\",\"nav_position\":\"top\",\"show_content\":true,\"show_image\":true,\"show_label\":true,\"show_link\":true,\"show_meta\":true,\"show_thumbnail\":true,\"show_title\":false,\"switcher_animation\":\"fade\",\"switcher_height\":true,\"thumbnav_height\":\"75\",\"thumbnav_svg_color\":\"emphasis\",\"thumbnav_width\":\"100\",\"title_align\":\"top\",\"title_element\":\"h3\",\"title_grid_breakpoint\":\"m\",\"title_grid_width\":\"1-2\"}}]}]}]},{\"type\":\"section\",\"props\":{\"image_position\":\"center-center\",\"style\":\"default\",\"title_breakpoint\":\"xl\",\"title_position\":\"top-left\",\"title_rotation\":\"left\",\"vertical_align\":\"middle\",\"width\":\"default\"},\"children\":[{\"type\":\"row\",\"children\":[{\"type\":\"column\",\"props\":{\"image_position\":\"center-center\",\"position_sticky_breakpoint\":\"m\"},\"children\":[{\"type\":\"divider\",\"props\":{\"block_align\":\"center\",\"divider_element\":\"div\",\"divider_style\":\"icon\",\"maxwidth\":\"large\"}},{\"type\":\"text\",\"props\":{\"block_align\":\"center\",\"column_breakpoint\":\"m\",\"content\":\"\n\n<p>Tag det f\\u00f8rste skridt mod en mere b\\u00e6redygtig fremtid med Investering & Klima. Vi er her for at guide dig p\\u00e5 rejsen mod en gr\\u00f8nnere og mere ansvarlig forretning. <br \\\/><br \\\/><a href=\\\"https:\\\/\\\/investeringogklima.dk\\\/index.php\\\/kontakt\\\/\\\">Kontakt os i dag<\\\/a> for at starte dialogen om, hvordan vi kan hj\\u00e6lpe din virksomhed med klimaregnskab og ESG-rapportering.<\\\/p>\",\"margin\":\"medium\",\"maxwidth\":\"xlarge\",\"text_align\":\"center\",\"text_color\":\"emphasis\",\"text_style\":\"large\"}}]}]}],\"name\":\"Introtekst\"}],\"version\":\"4.2.13\"} --><\/p>\n","protected":false},"excerpt":{"rendered":"<p>Gr\u00f8n omstilling for virksomheder &#8220;Tag det f\u00f8rste skridt mod en b\u00e6redygtig fremtid&#8221; Investering og Klima kan hj\u00e6lpe din virksomhed med Klimaregnskab og ESG-rapportering. Yderligere information Klimaregnskab CO2-beregning Scope 1Scope 2V\u00e6rdik\u00e6deanalyseScope 3 (tilg\u00e6ngelige data) Plan for indsamling af \u00f8vrige Scope 3 data FRA 14.900 kr. ESG Rapportering af E &#8211; Environment \u2013 milj\u00f8S &#8211; Social \u2013 [&hellip;]<\/p>\n","protected":false},"author":2,"featured_media":0,"parent":0,"menu_order":0,"comment_status":"closed","ping_status":"closed","template":"","meta":{"footnotes":""},"class_list":["post-1200","page","type-page","status-publish","hentry"],"_links":{"self":[{"href":"https:\/\/investeringogklima.dk\/index.php\/wp-json\/wp\/v2\/pages\/1200","targetHints":{"allow":["GET"]}}],"collection":[{"href":"https:\/\/investeringogklima.dk\/index.php\/wp-json\/wp\/v2\/pages"}],"about":[{"href":"https:\/\/investeringogklima.dk\/index.php\/wp-json\/wp\/v2\/types\/page"}],"author":[{"embeddable":true,"href":"https:\/\/investeringogklima.dk\/index.php\/wp-json\/wp\/v2\/users\/2"}],"replies":[{"embeddable":true,"href":"https:\/\/investeringogklima.dk\/index.php\/wp-json\/wp\/v2\/comments?post=1200"}],"version-history":[{"count":425,"href":"https:\/\/investeringogklima.dk\/index.php\/wp-json\/wp\/v2\/pages\/1200\/revisions"}],"predecessor-version":[{"id":2291,"href":"https:\/\/investeringogklima.dk\/index.php\/wp-json\/wp\/v2\/pages\/1200\/revisions\/2291"}],"wp:attachment":[{"href":"https:\/\/investeringogklima.dk\/index.php\/wp-json\/wp\/v2\/media?parent=1200"}],"curies":[{"name":"wp","href":"https:\/\/api.w.org\/{rel}","templated":true}]}}