{"id":1171,"date":"2022-06-02T08:03:54","date_gmt":"2022-06-02T08:03:54","guid":{"rendered":"https:\/\/investeringogklima.dk\/index.php\/forside-english\/"},"modified":"2022-06-02T08:08:15","modified_gmt":"2022-06-02T08:08:15","slug":"forside-english","status":"publish","type":"page","link":"https:\/\/investeringogklima.dk\/index.php\/en\/forside-english\/","title":{"rendered":"Forside &#8211; English"},"content":{"rendered":"<h1>\n<p style=\"color: #ffffff;\">Invest in afforestation and become CO2 neutral<\/p>\n<\/h1>\n<h1>\n<h5 style=\"color: #ffffff; text-align: center;\">COMPENSATE FOR ALL OR PARTS OF YOUR CO2 IMPRINT<a href=\"https:\/\/investeringogklima.dk\/index.php\/koncept\/\"><\/a><\/h5>\n<\/h1>\n<ul>\n<li>\n        <a href=\"https:\/\/investeringogklima.dk\/index.php\/koncept\/\">How it works<\/a>\n    <\/li>\n<li>\n        <a href=\"https:\/\/investeringogstudiebolig.lpages.co\/hent-info-klima\/\">Get material<\/a>\n    <\/li>\n<\/ul>\n<p><img decoding=\"async\" src=\"\/wp-content\/uploads\/2022\/04\/Traeer-1.png\" alt=\"\"><\/p>\n<h1>\n<h3 style=\"text-align: center;\">Kompens\u00e9r for dit CO2 aftryk<\/h3>\n<\/h1>\n<div>\n<p style=\"text-align: center;\">Hvert \u00e5r udleder en dansker i gennemsnit 11 tons CO2. Du kan kompensere for hele eller dele af din CO2 udledning ved k\u00f8b af aktier for 110.000 kr.<\/p>\n<\/div>\n<p>\n    <a href=\"https:\/\/investeringogklima.dk\/index.php\/koncept\/\">L\u00e6s mere<\/a>\n<\/p>\n<p><img decoding=\"async\" src=\"\/wp-content\/uploads\/2022\/04\/Investering-moenter-1.png\" alt=\"\"><\/p>\n<h1>\n<h3 style=\"text-align: center;\"><span>En god investering<\/span><\/h3>\n<\/h1>\n<div>\n<p style=\"text-align: center;\">Med investeringen og de g\u00e6ldende regler bliver det gratis at kompensere for egen klimabelastning, da investeringen bevarer sin v\u00e6rdi og aktierne senere kan s\u00e6lges.<\/p>\n<\/div>\n<p>\n    <a href=\"https:\/\/investeringogstudiebolig.lpages.co\/hent-info-klima\">F\u00e5 Materiale<\/a>\n<\/p>\n<p><img decoding=\"async\" src=\"\/wp-content\/uploads\/2022\/04\/Calculatris.png\" alt=\"\"><\/p>\n<h1>\n<h3 style=\"text-align: center;\">Invest\u00e9r med selskabsmidler<\/h3>\n<\/h1>\n<div>\n<p style=\"text-align: center;\"><span>Privatpersoner, virksomheder og offentlige organisationer kan investere. Der kan anvendes frie midler og selskabsmidler til investeringen.<\/span><\/p>\n<\/div>\n<p>\n    <a href=\"https:\/\/investeringogklima.dk\/index.php\/investering\/\">L\u00e6s mere <\/a>\n<\/p>\n<div>\n<h6>Om os<\/h6>\n<\/div>\n<h1>V\u00e6r med til at plante fremtiden<\/h1>\n<div>\n<p>Investering og Klima A\/S bidrager til kampen mod klimaforandringer ved at indfange CO2 ved skovrejsning. Skovrejsning og forvaltning af eksisterende skov vil bidrage til klimam\u00e5ls\u00e6tningerne gennem tr\u00e6ernes optag af CO2.<\/p>\n<p>Ved k\u00f8b af en aktie i Investering og Klima A\/S kan man forventeligt indfange omkring 12 tons CO2\u00a0\u00e5rligt over en 100-\u00e5rig periode. En gennemsnitsdansker udleder ca. 11 tons CO2 om \u00e5ret.\u00a0<\/p>\n<\/div>\n<p>\n    <a href=\"https:\/\/investeringogklima.dk\/index.php\/koncept\/\">L\u00e6s mere<\/a>\n<\/p>\n<p><img decoding=\"async\" src=\"\/wp-content\/uploads\/2022\/05\/iStock-1225034282.jpg\" alt=\"\"><\/p>\n<div>\n<\/p>\n<\/p>\n<\/p>\n<\/p>\n<\/p>\n<\/div>\n<p><img decoding=\"async\" src=\"\/wp-content\/uploads\/2022\/05\/iStock-1147123898-1.jpg\" alt=\"\"><\/p>\n<div>\n<h6><span>5 GODE GRUNDE<\/span><\/h6>\n<\/div>\n<h1>\n<h2>Hvorfor blive aktion\u00e6r?<\/h2>\n<\/h1>\n<div>\n<ol>\n<li style=\"list-style-type: none;\">\n<ol>\n<li>CO2 indfangning ved k\u00f8b af aktier. En privatperson eller virksomhed vil s\u00e5ledes ca. kunne kompensere for hele eller dele af sin CO2 udledning ved k\u00f8b af aktier for 110.000 kr.<\/li>\n<li>Adgang til skove og deres faciliteter (udflugter, skovture, arrangementer).<\/li>\n<li>Med investeringen og de g\u00e6ldende regler bliver det gratis at kompensere for egen klimabelastning, da investeringen bevarer sin v\u00e6rdi og aktierne senere kan s\u00e6lges. Hvis investeringen senere kan medregnes i forhold til en CO2 afgift, s\u00e5 vil man kunne opn\u00e5 et betydeligt positivt afkast.<\/li>\n<li>I samarbejde med Hedeselskabet og andre tager vi os af skovrejsningen og driften \u2013 I beh\u00f8ver ikke at g\u00f8re noget selv.<\/li>\n<li>Privatpersoner, virksomheder og offentlige organisationer kan investere.<\/li>\n<\/ol>\n<\/li>\n<\/ol>\n<\/div>\n<p>\n    <a href=\"https:\/\/investeringogklima.dk\/index.php\/infomoede\/\">L\u00e6s mere<\/a>\n<\/p>\n<div>\n<h6 style=\"text-align: center;\">KONCEPT<\/h6>\n<\/div>\n<blockquote>\n<h2 style=\"text-align: center;\"><span>Du f\u00e5r en god investering og hj\u00e6lper med at l\u00f8fte et socialt og milj\u00f8m\u00e6ssigt ansvar<\/span><\/h2>\n<\/blockquote>\n<p>\n    <a href=\"\/index.php\/koncept\/\">L\u00c6S MERE<\/a>\n<\/p>\n<div>\n<h6>Samarbejde<\/h6>\n<\/div>\n<h1>\n<h2>Samarbejde med Hedeselskabet<\/h2>\n<\/h1>\n<div>\n<p>Hedeselskabet er en forening\u00a0<span>med status som erhvervsdrivende fond, der b\u00e5de driver kommerciel virksomhed, st\u00f8tter udviklingen af ny viden og arbejder med formidling af viden inden for natur- og milj\u00f8omr\u00e5det.<\/span><\/p>\n<p>I samarbejde med Investering og Klima har Hedeselskabet til opgave at\u00a0identificere velegnede ejendomme til projektet, samt at designe skoven.\u00a0Hedeselskabet varetager hele processen fra klarg\u00f8ring af jorden til plantning.\u00a0<\/p>\n<div><\/div>\n<\/div>\n<p>\n    <a href=\"\/index.php\/samarbejdspartnere\/\">L\u00e6s mere om samarbejdet<\/a>\n<\/p>\n<p><img decoding=\"async\" src=\"\/wp-content\/uploads\/2022\/05\/Logoskulptur-med-lys-nat-2000.jpg\" alt=\"\"><br \/>\n<img decoding=\"async\" src=\"\/wp-content\/uploads\/2022\/05\/Feriebolig-prospekt-u.-baggrund.png\" alt=\"\"><\/p>\n<div>\n<\/p>\n<\/div>\n<div>\n<h6>Investormateriale<\/h6>\n<\/div>\n<h1>\n<h2>F\u00e5 vores investormateriale<br \/>i din indbakke<\/h2>\n<\/h1>\n<div>\n<p><span>Materialepakken indeholder vores prospekt, der giver dig al den praktiske information du beh\u00f8ver f\u00f8r du investerer. Yderligere indeholder pakken ogs\u00e5 en\u00a0<\/span><span>tegningsblanket. F\u00e5 materialepakken i din indbakke med det samme.<\/span><\/p>\n<\/div>\n<p>\n    <a href=\"https:\/\/investeringogstudiebolig.lpages.co\/hent-info-klima\">Hent investormateriale HER<\/a>\n<\/p>\n<p><!--more--><br \/>\n<!-- {\"name\":\"Forside Dansk\",\"type\":\"layout\",\"children\":[{\"type\":\"section\",\"props\":{\"style\":\"default\",\"width\":\"\",\"vertical_align\":\"middle\",\"title_position\":\"top-left\",\"title_rotation\":\"left\",\"title_breakpoint\":\"xl\",\"image_position\":\"center-center\",\"title\":\"\",\"image\":\"wp-content\\\/uploads\\\/2022\\\/05\\\/iStock-1190426084.jpg\",\"image_width\":\"1800\",\"image_height\":\"700\",\"padding\":\"large\",\"padding_remove_top\":false},\"children\":[{\"type\":\"row\",\"children\":[{\"type\":\"column\",\"props\":{\"position_sticky_breakpoint\":\"m\",\"image_position\":\"center-center\",\"media_overlay_gradient\":\"\"},\"children\":[{\"type\":\"headline\",\"props\":{\"title_element\":\"h1\",\"content\":\"\n\n<p style=\\\"color: #ffffff;\\\">Invest in afforestation and become CO2 neutral<\\\/p>\",\"text_align\":\"center\"}},{\"type\":\"divider\",\"props\":{\"divider_element\":\"div\",\"divider_style\":\"vertical\",\"position\":\"relative\",\"visibility\":\"l\"}},{\"type\":\"headline\",\"props\":{\"title_element\":\"h1\",\"content\":\"\n\n<h5 style=\\\"color: #ffffff; text-align: center;\\\">COMPENSATE FOR ALL OR PARTS OF YOUR CO2 IMPRINT<a href=\\\"https:\\\/\\\/investeringogklima.dk\\\/index.php\\\/koncept\\\/\\\"><\\\/a><\\\/h5>\",\"title_color\":\"muted\"}},{\"type\":\"button\",\"props\":{\"grid_column_gap\":\"small\",\"grid_row_gap\":\"small\",\"margin\":\"default\",\"text_align\":\"center\"},\"children\":[{\"type\":\"button_item\",\"props\":{\"button_style\":\"default\",\"icon_align\":\"right\",\"content\":\"How it works\",\"link\":\"https:\\\/\\\/investeringogklima.dk\\\/index.php\\\/koncept\\\/\",\"icon\":\"arrow-right\"}},{\"type\":\"button_item\",\"props\":{\"button_style\":\"default\",\"icon_align\":\"right\",\"content\":\"Get material\",\"link\":\"https:\\\/\\\/investeringogstudiebolig.lpages.co\\\/hent-info-klima\\\/\",\"icon\":\"cloud-download\"}}]}]}],\"props\":{\"margin\":\"remove-vertical\"}}]},{\"type\":\"section\",\"props\":{\"style\":\"default\",\"width\":\"default\",\"vertical_align\":\"middle\",\"title_position\":\"top-left\",\"title_rotation\":\"left\",\"title_breakpoint\":\"xl\",\"image_position\":\"center-center\",\"image\":\"\",\"image_width\":\"654\",\"image_height\":\"605\"},\"children\":[{\"type\":\"row\",\"props\":{\"layout\":\"1-3,1-3,1-3\"},\"children\":[{\"type\":\"column\",\"props\":{\"position_sticky_breakpoint\":\"m\",\"image_position\":\"center-center\",\"media_overlay_gradient\":\"\",\"width_medium\":\"1-3\"},\"children\":[{\"type\":\"image\",\"props\":{\"margin\":\"default\",\"image_svg_color\":\"emphasis\",\"image\":\"wp-content\\\/uploads\\\/2022\\\/04\\\/Traeer-1.png\",\"image_width\":\"150\",\"image_height\":\"150\",\"text_align\":\"center\"}},{\"type\":\"headline\",\"props\":{\"title_element\":\"h1\",\"content\":\"\n\n<h3 style=\\\"text-align: center;\\\">Kompens\\u00e9r for dit CO2 aftryk<\\\/h3>\",\"text_align\":\"center\"}},{\"type\":\"text\",\"props\":{\"margin\":\"default\",\"column_breakpoint\":\"m\",\"content\":\"\n\n<p style=\\\"text-align: center;\\\">Hvert \\u00e5r udleder en dansker i gennemsnit 11 tons CO2. Du kan kompensere for hele eller dele af din CO2 udledning ved k\\u00f8b af aktier for 110.000 kr.<\\\/p>\"}},{\"type\":\"button\",\"props\":{\"grid_column_gap\":\"small\",\"grid_row_gap\":\"small\",\"margin\":\"default\",\"text_align\":\"center\"},\"children\":[{\"type\":\"button_item\",\"props\":{\"button_style\":\"primary\",\"icon_align\":\"left\",\"content\":\"L\\u00e6s mere\",\"link\":\"https:\\\/\\\/investeringogklima.dk\\\/index.php\\\/koncept\\\/\"}}]}]},{\"type\":\"column\",\"props\":{\"position_sticky_breakpoint\":\"m\",\"image_position\":\"center-center\",\"media_overlay_gradient\":\"\",\"width_medium\":\"1-3\"},\"children\":[{\"type\":\"image\",\"props\":{\"margin\":\"default\",\"image_svg_color\":\"emphasis\",\"image\":\"wp-content\\\/uploads\\\/2022\\\/04\\\/Investering-moenter-1.png\",\"image_width\":\"150\",\"image_height\":\"150\",\"text_align\":\"center\"}},{\"type\":\"headline\",\"props\":{\"title_element\":\"h1\",\"content\":\"\n\n<h3 style=\\\"text-align: center;\\\"><span>En god investering<\\\/span><\\\/h3>\"}},{\"type\":\"text\",\"props\":{\"margin\":\"default\",\"column_breakpoint\":\"m\",\"content\":\"\n\n<p style=\\\"text-align: center;\\\">Med investeringen og de g\\u00e6ldende regler bliver det gratis at kompensere for egen klimabelastning, da investeringen bevarer sin v\\u00e6rdi og aktierne senere kan s\\u00e6lges.<\\\/p>\"}},{\"type\":\"button\",\"props\":{\"grid_column_gap\":\"small\",\"grid_row_gap\":\"small\",\"margin\":\"default\",\"text_align\":\"center\"},\"children\":[{\"type\":\"button_item\",\"props\":{\"button_style\":\"primary\",\"icon_align\":\"left\",\"content\":\"F\\u00e5 Materiale\",\"link\":\"https:\\\/\\\/investeringogstudiebolig.lpages.co\\\/hent-info-klima\"}}]}]},{\"type\":\"column\",\"props\":{\"position_sticky_breakpoint\":\"m\",\"image_position\":\"center-center\",\"media_overlay_gradient\":\"\",\"width_medium\":\"1-3\"},\"children\":[{\"type\":\"image\",\"props\":{\"margin\":\"default\",\"image_svg_color\":\"emphasis\",\"image\":\"wp-content\\\/uploads\\\/2022\\\/04\\\/Calculatris.png\",\"image_width\":\"150\",\"image_height\":\"150\",\"text_align\":\"center\"}},{\"type\":\"headline\",\"props\":{\"title_element\":\"h1\",\"content\":\"\n\n<h3 style=\\\"text-align: center;\\\">Invest\\u00e9r med selskabsmidler<\\\/h3>\"}},{\"type\":\"text\",\"props\":{\"margin\":\"default\",\"column_breakpoint\":\"m\",\"content\":\"\n\n<p style=\\\"text-align: center;\\\"><span>Privatpersoner, virksomheder og offentlige organisationer kan investere. Der kan anvendes frie midler og selskabsmidler til investeringen.<\\\/span><\\\/p>\"}},{\"type\":\"button\",\"props\":{\"grid_column_gap\":\"small\",\"grid_row_gap\":\"small\",\"margin\":\"default\",\"text_align\":\"center\"},\"children\":[{\"type\":\"button_item\",\"props\":{\"button_style\":\"primary\",\"icon_align\":\"left\",\"content\":\"L\\u00e6s mere \",\"link\":\"https:\\\/\\\/investeringogklima.dk\\\/index.php\\\/investering\\\/\"}}]}]}]}]},{\"type\":\"section\",\"props\":{\"style\":\"default\",\"width\":\"default\",\"vertical_align\":\"middle\",\"title_position\":\"top-left\",\"title_rotation\":\"left\",\"title_breakpoint\":\"xl\",\"image_position\":\"center-center\"},\"children\":[{\"type\":\"row\",\"children\":[{\"type\":\"column\",\"props\":{\"position_sticky_breakpoint\":\"m\",\"image_position\":\"center-center\",\"media_overlay_gradient\":\"\"},\"children\":[]}]}]},{\"type\":\"section\",\"props\":{\"style\":\"default\",\"width\":\"default\",\"vertical_align\":\"middle\",\"title_position\":\"top-left\",\"title_rotation\":\"left\",\"title_breakpoint\":\"xl\",\"image_position\":\"center-center\"},\"children\":[{\"type\":\"row\",\"props\":{\"layout\":\"1-2,1-2\"},\"children\":[{\"type\":\"column\",\"props\":{\"position_sticky_breakpoint\":\"m\",\"image_position\":\"center-center\",\"media_overlay_gradient\":\"\",\"width_medium\":\"1-2\"},\"children\":[{\"type\":\"text\",\"props\":{\"margin\":\"default\",\"column_breakpoint\":\"m\",\"content\":\"\n\n<h6>Om os<\\\/h6>\"}},{\"type\":\"headline\",\"props\":{\"title_element\":\"h1\",\"content\":\"V\\u00e6r med til at plante fremtiden\"}},{\"type\":\"text\",\"props\":{\"margin\":\"default\",\"column_breakpoint\":\"m\",\"content\":\"\n\n<p>Investering og Klima A\\\/S bidrager til kampen mod klimaforandringer ved at indfange CO2 ved skovrejsning. Skovrejsning og forvaltning af eksisterende skov vil bidrage til klimam\\u00e5ls\\u00e6tningerne gennem tr\\u00e6ernes optag af CO2.<\\\/p>\\n\n\n<p>Ved k\\u00f8b af en aktie i Investering og Klima A\\\/S kan man forventeligt indfange omkring 12 tons CO2\\u00a0\\u00e5rligt over en 100-\\u00e5rig periode. En gennemsnitsdansker udleder ca. 11 tons CO2 om \\u00e5ret.\\u00a0<\\\/p>\"}},{\"type\":\"button\",\"props\":{\"grid_column_gap\":\"small\",\"grid_row_gap\":\"small\",\"margin\":\"default\"},\"children\":[{\"type\":\"button_item\",\"props\":{\"button_style\":\"primary\",\"icon_align\":\"right\",\"content\":\"L\\u00e6s mere\",\"link\":\"https:\\\/\\\/investeringogklima.dk\\\/index.php\\\/koncept\\\/\",\"icon\":\"arrow-right\"}}]}]},{\"type\":\"column\",\"props\":{\"position_sticky_breakpoint\":\"m\",\"image_position\":\"top-right\",\"media_overlay_gradient\":\"\",\"width_medium\":\"1-2\",\"image\":\"wp-content\\\/uploads\\\/2022\\\/04\\\/Green-box.png\",\"image_width\":\"300\",\"image_height\":\"200\",\"image_effect\":\"parallax\",\"image_parallax_bgx_start\":\"60\",\"image_parallax_bgx_end\":\"-60\"},\"children\":[{\"type\":\"image\",\"props\":{\"margin\":\"default\",\"image_svg_color\":\"emphasis\",\"image\":\"wp-content\\\/uploads\\\/2022\\\/05\\\/iStock-1225034282.jpg\"}}]}]},{\"type\":\"row\",\"children\":[{\"type\":\"column\",\"props\":{\"position_sticky_breakpoint\":\"m\",\"image_position\":\"center-center\",\"media_overlay_gradient\":\"\"},\"children\":[{\"type\":\"text\",\"props\":{\"margin\":\"default\",\"column_breakpoint\":\"m\",\"content\":\"\n\n<p><\\\/p>\\n\n\n<p><\\\/p>\\n\n\n<p><\\\/p>\\n\n\n<p><\\\/p>\\n\n\n<p><\\\/p>\\n\n\n<p><\\\/p>\\n\n\n<p><\\\/p>\\n\n\n<p><\\\/p>\\n\n\n<p><\\\/p>\\n\n\n<p><\\\/p>\"}}]}]},{\"type\":\"row\",\"props\":{\"layout\":\"1-2,1-2\"},\"children\":[{\"type\":\"column\",\"props\":{\"position_sticky_breakpoint\":\"m\",\"image_position\":\"bottom-left\",\"media_overlay_gradient\":\"\",\"width_medium\":\"1-2\",\"image\":\"wp-content\\\/uploads\\\/2022\\\/04\\\/Green-box.png\",\"image_width\":\"300\",\"image_height\":\"150\",\"image_effect\":\"parallax\",\"image_parallax_bgx_start\":\"-60\",\"image_parallax_bgx_end\":\"60\"},\"children\":[{\"type\":\"image\",\"props\":{\"margin\":\"default\",\"image_svg_color\":\"emphasis\",\"image\":\"wp-content\\\/uploads\\\/2022\\\/05\\\/iStock-1147123898-1.jpg\"}}]},{\"type\":\"column\",\"props\":{\"position_sticky_breakpoint\":\"m\",\"image_position\":\"center-center\",\"media_overlay_gradient\":\"\",\"width_medium\":\"1-2\"},\"children\":[{\"type\":\"text\",\"props\":{\"margin\":\"default\",\"column_breakpoint\":\"m\",\"content\":\"\n\n<h6><span>5 GODE GRUNDE<\\\/span><\\\/h6>\"}},{\"type\":\"headline\",\"props\":{\"title_element\":\"h1\",\"content\":\"\n\n<h2>Hvorfor blive aktion\\u00e6r?<\\\/h2>\"}},{\"type\":\"text\",\"props\":{\"margin\":\"default\",\"column_breakpoint\":\"m\",\"content\":\"\n\n<ol>\\n\n\n<li style=\\\"list-style-type: none;\\\">\\n\n\n<ol>\\n\n\n<li>CO2 indfangning ved k\\u00f8b af aktier. En privatperson eller virksomhed vil s\\u00e5ledes ca. kunne kompensere for hele eller dele af sin CO2 udledning ved k\\u00f8b af aktier for 110.000 kr.<\\\/li>\\n\n\n<li>Adgang til skove og deres faciliteter (udflugter, skovture, arrangementer).<\\\/li>\\n\n\n<li>Med investeringen og de g\\u00e6ldende regler bliver det gratis at kompensere for egen klimabelastning, da investeringen bevarer sin v\\u00e6rdi og aktierne senere kan s\\u00e6lges. Hvis investeringen senere kan medregnes i forhold til en CO2 afgift, s\\u00e5 vil man kunne opn\\u00e5 et betydeligt positivt afkast.<\\\/li>\\n\n\n<li>I samarbejde med Hedeselskabet og andre tager vi os af skovrejsningen og driften \\u2013 I beh\\u00f8ver ikke at g\\u00f8re noget selv.<\\\/li>\\n\n\n<li>Privatpersoner, virksomheder og offentlige organisationer kan investere.<\\\/li>\\n<\\\/ol>\\n<\\\/li>\\n<\\\/ol>\\n\n\n<p><\\\/p>\"}},{\"type\":\"button\",\"props\":{\"grid_column_gap\":\"small\",\"grid_row_gap\":\"small\",\"margin\":\"default\"},\"children\":[{\"type\":\"button_item\",\"props\":{\"button_style\":\"primary\",\"icon_align\":\"right\",\"content\":\"L\\u00e6s mere\",\"link\":\"https:\\\/\\\/investeringogklima.dk\\\/index.php\\\/infomoede\\\/\",\"icon\":\"arrow-right\"}}]}]}]}]},{\"type\":\"section\",\"props\":{\"style\":\"default\",\"width\":\"default\",\"vertical_align\":\"middle\",\"title_position\":\"top-left\",\"title_rotation\":\"left\",\"title_breakpoint\":\"xl\",\"image_position\":\"center-center\"},\"children\":[{\"type\":\"row\",\"children\":[{\"type\":\"column\",\"props\":{\"position_sticky_breakpoint\":\"m\",\"image_position\":\"center-center\",\"media_overlay_gradient\":\"\"},\"children\":[]}]}]},{\"type\":\"section\",\"props\":{\"style\":\"default\",\"width\":\"default\",\"vertical_align\":\"middle\",\"title_position\":\"top-left\",\"title_rotation\":\"left\",\"title_breakpoint\":\"xl\",\"image_position\":\"center-center\",\"image\":\"wp-content\\\/uploads\\\/2022\\\/04\\\/Tree-pattern-15.png\",\"image_width\":\"500\",\"image_height\":\"300\",\"image_effect\":\"parallax\",\"image_parallax_bgy_start\":\"-60\",\"image_parallax_bgy_end\":\"60\"},\"children\":[{\"type\":\"row\",\"children\":[{\"type\":\"column\",\"props\":{\"position_sticky_breakpoint\":\"m\",\"image_position\":\"center-center\",\"media_overlay_gradient\":\"\"},\"children\":[{\"type\":\"text\",\"props\":{\"margin\":\"default\",\"column_breakpoint\":\"m\",\"content\":\"\n\n<h6 style=\\\"text-align: center;\\\">KONCEPT<\\\/h6>\"}},{\"type\":\"quotation\",\"props\":{\"content\":\"\n\n<h2 style=\\\"text-align: center;\\\"><span>Du f\\u00e5r en god investering og hj\\u00e6lper med at l\\u00f8fte et socialt og milj\\u00f8m\\u00e6ssigt ansvar<\\\/span><\\\/h2>\",\"text_align\":\"center\",\"maxwidth\":\"2xlarge\",\"block_align\":\"center\"}},{\"type\":\"button\",\"props\":{\"grid_column_gap\":\"small\",\"grid_row_gap\":\"small\",\"margin\":\"default\",\"text_align\":\"center\"},\"children\":[{\"type\":\"button_item\",\"props\":{\"button_style\":\"primary\",\"icon_align\":\"right\",\"content\":\"L\\u00c6S MERE\",\"link\":\"index.php\\\/koncept\\\/\",\"icon\":\"arrow-right\"}}]}]}]}]},{\"type\":\"section\",\"props\":{\"style\":\"default\",\"width\":\"default\",\"vertical_align\":\"middle\",\"title_position\":\"top-left\",\"title_rotation\":\"left\",\"title_breakpoint\":\"xl\",\"image_position\":\"center-center\"},\"children\":[{\"type\":\"row\",\"children\":[{\"type\":\"column\",\"props\":{\"position_sticky_breakpoint\":\"m\",\"image_position\":\"center-center\",\"media_overlay_gradient\":\"\"},\"children\":[]}]}]},{\"type\":\"section\",\"props\":{\"style\":\"default\",\"width\":\"default\",\"vertical_align\":\"middle\",\"title_position\":\"top-left\",\"title_rotation\":\"left\",\"title_breakpoint\":\"xl\",\"image_position\":\"center-center\"},\"children\":[{\"type\":\"row\",\"props\":{\"layout\":\"1-2,1-2\"},\"children\":[{\"type\":\"column\",\"props\":{\"position_sticky_breakpoint\":\"m\",\"image_position\":\"top-left\",\"media_overlay_gradient\":\"\",\"width_medium\":\"1-2\",\"image\":\"\",\"image_width\":\"315\",\"image_height\":\"370\",\"image_effect\":\"parallax\",\"image_parallax_bgy_start\":\"-50\",\"image_parallax_bgy_end\":\"60\"},\"children\":[{\"type\":\"text\",\"props\":{\"margin\":\"default\",\"column_breakpoint\":\"m\",\"content\":\"\n\n<h6>Samarbejde<\\\/h6>\"}},{\"type\":\"headline\",\"props\":{\"title_element\":\"h1\",\"content\":\"\n\n<h2>Samarbejde med Hedeselskabet<\\\/h2>\"}},{\"type\":\"text\",\"props\":{\"margin\":\"default\",\"column_breakpoint\":\"m\",\"content\":\"\n\n<p>Hedeselskabet er en forening\\u00a0<span>med status som erhvervsdrivende fond, der b\\u00e5de driver kommerciel virksomhed, st\\u00f8tter udviklingen af ny viden og arbejder med formidling af viden inden for natur- og milj\\u00f8omr\\u00e5det.<\\\/span><\\\/p>\\n\n\n<p>I samarbejde med Investering og Klima har Hedeselskabet til opgave at\\u00a0identificere velegnede ejendomme til projektet, samt at designe skoven.\\u00a0Hedeselskabet varetager hele processen fra klarg\\u00f8ring af jorden til plantning.\\u00a0<\\\/p>\\n\n\n<div><\\\/div>\"}},{\"type\":\"button\",\"props\":{\"grid_column_gap\":\"small\",\"grid_row_gap\":\"small\",\"margin\":\"default\"},\"children\":[{\"type\":\"button_item\",\"props\":{\"button_style\":\"primary\",\"icon_align\":\"right\",\"content\":\"L\\u00e6s mere om samarbejdet\",\"link\":\"index.php\\\/samarbejdspartnere\\\/\",\"icon\":\"arrow-right\"}}]}]},{\"type\":\"column\",\"props\":{\"position_sticky_breakpoint\":\"m\",\"image_position\":\"top-right\",\"media_overlay_gradient\":\"\",\"width_medium\":\"1-2\",\"image\":\"\",\"image_width\":\"300\",\"image_height\":\"400\",\"image_effect\":\"parallax\",\"image_parallax_bgy_start\":\"-80\",\"image_parallax_bgy_end\":\"20\"},\"children\":[{\"type\":\"image\",\"props\":{\"margin\":\"default\",\"image_svg_color\":\"emphasis\",\"image\":\"wp-content\\\/uploads\\\/2022\\\/05\\\/Logoskulptur-med-lys-nat-2000.jpg\"}}]}]}]},{\"type\":\"section\",\"props\":{\"style\":\"default\",\"width\":\"default\",\"vertical_align\":\"middle\",\"title_position\":\"top-left\",\"title_rotation\":\"left\",\"title_breakpoint\":\"xl\",\"image_position\":\"center-center\"},\"children\":[{\"type\":\"row\",\"children\":[{\"type\":\"column\",\"props\":{\"position_sticky_breakpoint\":\"m\",\"image_position\":\"center-center\",\"media_overlay_gradient\":\"\"},\"children\":[]}]}]},{\"type\":\"section\",\"props\":{\"style\":\"muted\",\"width\":\"default\",\"vertical_align\":\"middle\",\"title_position\":\"top-left\",\"title_rotation\":\"left\",\"title_breakpoint\":\"xl\",\"image_position\":\"center-center\"},\"children\":[{\"type\":\"row\",\"children\":[{\"type\":\"column\",\"props\":{\"position_sticky_breakpoint\":\"m\",\"image_position\":\"center-center\",\"media_overlay_gradient\":\"\",\"width_medium\":\"1-2\"},\"children\":[{\"type\":\"image\",\"props\":{\"margin\":\"default\",\"image_svg_color\":\"emphasis\",\"image\":\"wp-content\\\/uploads\\\/2022\\\/05\\\/Feriebolig-prospekt-u.-baggrund.png\",\"text_align\":\"center\",\"image_height\":\"420\",\"parallax_y_start\":\"-30\",\"parallax_y_end\":\"40\"}}]},{\"type\":\"column\",\"props\":{\"position_sticky_breakpoint\":\"m\",\"image_position\":\"center-center\",\"media_overlay_gradient\":\"\",\"width_medium\":\"1-2\"},\"children\":[{\"type\":\"text\",\"props\":{\"margin\":\"default\",\"column_breakpoint\":\"m\",\"content\":\"\n\n<p><\\\/p>\\n\n\n<p><\\\/p>\"}},{\"type\":\"text\",\"props\":{\"margin\":\"default\",\"column_breakpoint\":\"m\",\"content\":\"\n\n<h6>Investormateriale<\\\/h6>\"}},{\"type\":\"headline\",\"props\":{\"title_element\":\"h1\",\"content\":\"\n\n<h2>F\\u00e5 vores investormateriale<br \\\/>i din indbakke<\\\/h2>\"}},{\"type\":\"text\",\"props\":{\"margin\":\"default\",\"column_breakpoint\":\"m\",\"content\":\"\n\n<p><span>Materialepakken indeholder vores prospekt, der giver dig al den praktiske information du beh\\u00f8ver f\\u00f8r du investerer. Yderligere indeholder pakken ogs\\u00e5 en\\u00a0<\\\/span><span>tegningsblanket. F\\u00e5 materialepakken i din indbakke med det samme.<\\\/span><\\\/p>\",\"maxwidth\":\"xlarge\"}},{\"type\":\"button\",\"props\":{\"grid_column_gap\":\"small\",\"grid_row_gap\":\"small\",\"margin\":\"default\"},\"children\":[{\"type\":\"button_item\",\"props\":{\"button_style\":\"secondary\",\"icon_align\":\"right\",\"content\":\"Hent investormateriale HER\",\"link\":\"https:\\\/\\\/investeringogstudiebolig.lpages.co\\\/hent-info-klima\",\"icon\":\"cloud-download\"}}]}]}],\"props\":{\"layout\":\"1-2,1-2\"}}]}],\"version\":\"2.7.22\"} --><\/p>\n","protected":false},"excerpt":{"rendered":"<p>Invest in afforestation and become CO2 neutral COMPENSATE FOR ALL OR PARTS OF YOUR CO2 IMPRINT How it works Get material Kompens\u00e9r for dit CO2 aftryk Hvert \u00e5r udleder en dansker i gennemsnit 11 tons CO2. Du kan kompensere for hele eller dele af din CO2 udledning ved k\u00f8b af aktier for 110.000 kr. L\u00e6s [&hellip;]<\/p>\n","protected":false},"author":4,"featured_media":0,"parent":0,"menu_order":0,"comment_status":"closed","ping_status":"closed","template":"","meta":{"footnotes":""},"class_list":["post-1171","page","type-page","status-publish","hentry"],"_links":{"self":[{"href":"https:\/\/investeringogklima.dk\/index.php\/wp-json\/wp\/v2\/pages\/1171","targetHints":{"allow":["GET"]}}],"collection":[{"href":"https:\/\/investeringogklima.dk\/index.php\/wp-json\/wp\/v2\/pages"}],"about":[{"href":"https:\/\/investeringogklima.dk\/index.php\/wp-json\/wp\/v2\/types\/page"}],"author":[{"embeddable":true,"href":"https:\/\/investeringogklima.dk\/index.php\/wp-json\/wp\/v2\/users\/4"}],"replies":[{"embeddable":true,"href":"https:\/\/investeringogklima.dk\/index.php\/wp-json\/wp\/v2\/comments?post=1171"}],"version-history":[{"count":4,"href":"https:\/\/investeringogklima.dk\/index.php\/wp-json\/wp\/v2\/pages\/1171\/revisions"}],"predecessor-version":[{"id":1175,"href":"https:\/\/investeringogklima.dk\/index.php\/wp-json\/wp\/v2\/pages\/1171\/revisions\/1175"}],"wp:attachment":[{"href":"https:\/\/investeringogklima.dk\/index.php\/wp-json\/wp\/v2\/media?parent=1171"}],"curies":[{"name":"wp","href":"https:\/\/api.w.org\/{rel}","templated":true}]}}