{"id":1117,"date":"2022-05-31T09:04:48","date_gmt":"2022-05-31T09:04:48","guid":{"rendered":"https:\/\/investeringogklima.dk\/?page_id=1117"},"modified":"2022-05-31T09:04:48","modified_gmt":"2022-05-31T09:04:48","slug":"privatlivspolitik","status":"publish","type":"page","link":"https:\/\/investeringogklima.dk\/index.php\/privatlivspolitik\/","title":{"rendered":"Privatlivspolitik"},"content":{"rendered":"\n<p>Investering og Klima A\/S, er forpligtet til at beskytte privatlivets fred for dem, der bes\u00f8ger vores hjemmeside. Som en del af vores normale arbejde, indsamler vi forskellige former for information, om vores bes\u00f8gende p\u00e5 hjemmesiden. Vi har imidlertid struktureret vores hjemmesider, s\u00e5 folk har mulighed for at bes\u00f8ge uden at identificere sig selv eller afsl\u00f8re personlige oplysninger.<\/p>\n\n\n\n<p>F\u00f8lgende, er ting du kan g\u00f8re, mens du bes\u00f8ger vores hjemmeside, hvis du IKKE \u00f8nsker at have oplysninger om dit bes\u00f8g samlet.<\/p>\n\n\n\n<ul class=\"wp-block-list\"><li>Deaktiver cookies i din browser, f\u00f8r du bes\u00f8ger vores hjemmeside<\/li><li>V\u00e6lg ikke at indsende oplysninger via webformularer, der findes p\u00e5 vores hjemmeside<\/li><li>V\u00e6lg ikke at \u201copt-in\u201d til bestemte programmer, der er tilg\u00e6ngelige p\u00e5 vores hjemmesider<\/li><li>V\u00e6lg ikke at gennemf\u00f8re unders\u00f8gelser p\u00e5 vores hjemmeside<\/li><\/ul>\n\n\n\n<p>Nedenst\u00e5ende beskriver de oplysninger vi indsamler, og hvordan disse oplysninger bruges til at give vores bes\u00f8gende den optimale online oplevelse.<\/p>\n\n\n\n<p><strong>COOKIES OG SPOTLIGHT BILLEDER ELLER WEB BEACON<\/strong><\/p>\n\n\n\n<p>Vi bruger nogle gange session cookies til at begr\u00e6nse pop-up vinduer til en enkelt browser instans. Vi bruger ogs\u00e5 Javascripting i samarbejde med cookies og \u201cspotlight images\u201d eller \u201cweb beacons\u201d til at spore website trafik og email svar. Et \u201cspotlight image\u201d eller \u201cweb beacon\u201d er et elektronisk billede, kaldet en 1-for-1 pixel eller en klar GIF, der kan genkende visse typer oplysninger p\u00e5 din computer, f.eks. dit cookie nummer, tidspunkt og dato for en sidevisning og s\u00e5 videre. Disse metoder indsamler ikke personlige oplysninger, men blot aggregerede oplysninger, der giver os mulighed for at unders\u00f8ge adf\u00e6rdsm\u00f8nstre p\u00e5 vores websted for at l\u00e6re, hvordan vi bedre im\u00f8dekommer vores bes\u00f8gendes behov. Du kan n\u00e6gte cookies ved at slukke for den p\u00e5g\u00e6ldende funktion i din webbrowser.<\/p>\n\n\n\n<p>Derudover kan vi bruge eller tillade tredjeparter at vise cookies p\u00e5 vores websted \u2013 specielt bruger vi Google Analytics og Eloqua til at hj\u00e6lpe os med at overv\u00e5ge vores websteds trafik og forst\u00e5 bes\u00f8gendes adf\u00e6rd.<\/p>\n\n\n\n<p><strong>OPLYSNINGER VI INDSAMLER<\/strong><\/p>\n\n\n\n<p>Du kan bes\u00f8ge vores hjemmeside af forskellige \u00e5rsager. Med henblik p\u00e5 denne privatlivspolitik klassificerer vi disse grunde som (i) browsing, (ii) indsendelse af formularer, (iii) indk\u00f8b af produkter og tjenester og (iv) gennemf\u00f8relse af unders\u00f8gelser. Bem\u00e6rk venligst, at ikke alle aktiviteter kan v\u00e6re tilg\u00e6ngelige p\u00e5 vores hjemmeside p\u00e5 et givet tidspunkt. For hver forskellig type aktivitet samler og opbevarer vi forskellige typer data af forskellige \u00e5rsager.<\/p>\n\n\n\n<ul class=\"wp-block-list\"><li><strong>Gennemse \u2013<\/strong>&nbsp;Hvis du blot surfer eller navigerer gennem vores hjemmesider, samler vi oplysninger om din computer og de sider du bes\u00f8ger p\u00e5 vores hjemmeside samlet (ikke individuelle eller personlige oplysninger). Disse data kaldes ofte for clickstream eller navigationsdata. Vi bruger disse oplysninger til forskning, analyse og rapportering, s\u00e5 vi kan forbedre vores navigation, sidestruktur og sideindhold for at hj\u00e6lpe bes\u00f8gende med at finde information hurtigere og give mere v\u00e6rdi, n\u00e5r de finder det, de s\u00f8ger efter p\u00e5 vores hjemmesider.<\/li><li><strong>Indsendelse af blanketter \u2013<\/strong>&nbsp;Visse sider p\u00e5 vores hjemmeside indeholder formularer, der giver dig mulighed for at anmode om information om vores tjenester og l\u00f8sninger eller f\u00e5 adgang til v\u00e6rdifulde ressourcer (som hvidb\u00f8ger og forskningsdokumenter) i bytte for kontaktoplysninger. N\u00e5r du udf\u00f8rer en af \u200b\u200bdisse formularer, kan du blive bedt om at angive kontaktoplysninger, f.eks. dit navn, telefonnummer og \/ eller e-mailadresse.<\/li><li><strong>Afslutte unders\u00f8gelser \u2013<\/strong>&nbsp;Til unders\u00f8gelser indsamler vi svar for at hj\u00e6lpe os med at forbedre forskellige aspekter af vores forretning baseret p\u00e5 samlet og individuel tilbagemelding. Disse unders\u00f8gelser sendes via opt-in marketing programmer eller stilles til r\u00e5dighed p\u00e5 vores hjemmeside for at deltage, hvis du v\u00e6lger det.<\/li><\/ul>\n\n\n\n<p><strong>HVORDAN BRUGER VI OG DELER DINE OPLYSNINGER<\/strong><\/p>\n\n\n\n<p>Hvis du v\u00e6lger at levere dine personlige oplysninger som beskrevet ovenfor, udover at bruge dataene til det udtrykkelige form\u00e5l, som det blev leveret til, kan vi kontakte dig vedr\u00f8rende andre lignende ydelser, heriblandt kontakte dig med relevant materiale og tilbud fra Investering og Klima A\/S. Derudover kan vi sende dig unders\u00f8gelser vedr\u00f8rende aktuelle tjenester eller potentielle nye tjenester, som vi m\u00e5tte tilbyde samt at sende dig nyhedsbreve, begivenhedsmeddelelser, annoncer og salgsmaterialer vedr\u00f8rende specifikke programmer, produkter eller tjenester p\u00e5 e-mail og sms, samt ringe dig op med relevante tilbud.<\/p>\n\n\n\n<p>Vi benytter lejlighedsvis leverand\u00f8rer til at yde tjenester p\u00e5 vores vegne, s\u00e5som h\u00e5ndtering af behandling og levering af mails, levering af kundesupport, behandlingstransaktioner eller udf\u00f8relse af statistisk analyse af vores tjenester. Vi vil kun give disse leverand\u00f8rer de personlige oplysninger som de har brug for til at levere tjenesten. De er p\u00e5kr\u00e6vet at opretholde fortroligheden af \u200b\u200bdine oplysninger og det er forbudt at bruge disse oplysninger til andre form\u00e5l.<\/p>\n\n\n\n<p>Hvis du ikke \u00f8nsker at bruge dine data p\u00e5 de m\u00e5der, der er beskrevet ovenfor, kan du f\u00f8lge instruktionerne i den relevante meddelelse, opdatere dine kommunikationspr\u00e6ferencer i din online-konto (hvis det er relevant) eller f\u00f8lg vejledningen nedenfor under overskriften \u201cKOMMUNIKATIONS PREFERENCER\u201d.<\/p>\n\n\n\n<p>Vi kan placere e-mail links p\u00e5 dette websted, s\u00e5 du kan kontakte os direkte via e-mail. De oplysninger, du giver, bruges til at reagere direkte p\u00e5 dine sp\u00f8rgsm\u00e5l eller kommentarer. Disse bem\u00e6rkninger kan lagres for at forbedre kvaliteten af \u200b\u200bvores hjemmeside og vores tjenester.<\/p>\n\n\n\n<p><strong>B\u00d8RN<\/strong><\/p>\n\n\n\n<p>Vi er bekymrede for sm\u00e5b\u00f8rns privatliv og indsamler ikke videnskabeligt fra et barn under 13 \u00e5r. Hvis vi finder ud af, at vi har personlige oplysninger om et barn under 13 \u00e5r, vil vi slette disse oplysninger fra vores optegnelser og systemer.<\/p>\n\n\n\n<p><strong>KOMMUNIKATIONSPR\u00c6FERENCER<\/strong><\/p>\n\n\n\n<p>Hvis du har valgt at modtage nogen af \u200b\u200bvores e-mail-publikationer, eller hvis du ellers har givet os kontaktoplysninger og ikke l\u00e6ngere \u00f8nsker at modtage vores publikationer og \/ eller for at kontakte os, kan du give os besked ved at besvare enhver e-mail, du modtager fra os med \u2018Unsubscribe\u2019 i emnelinjen eller ved at f\u00f8lge instruktionerne \u201cunsubscribe\u201d i bunden af \u200b\u200ben e-mail, som vi sender til dig. I overensstemmelse med CAN-SPAM Act giver vi vores fysiske postadresse i al e-mail kommunikation til generel korrespondance og opt-out kommunikation. Alternativt kan du sende en e-mail til optout p\u00e5 Info@www.investeringogferiebolig.dk. Angiv et navn, firmanavn, kontakt telefonnummer, e-mailadresse, navn p\u00e5 denne hjemmeside og detaljer om din anmodning, s\u00e5 vi kan behandle det hurtigt. Hvis vi mangler tilstr\u00e6kkelige oplysninger til at behandle din anmodning, kan vi kontakte dig for at anmode om yderligere oplysninger eller afklaring.<\/p>\n\n\n\n<p><strong>SIKKERHED<\/strong><\/p>\n\n\n\n<p>Vi anvender procedurem\u00e6ssige og tekniske foranstaltninger, der er designet til at hj\u00e6lpe med at beskytte dine personlige oplysninger mod tab, uautoriseret adgang, afsl\u00f8ring, \u00e6ndring eller \u00f8del\u00e6ggelse. Vi kan dog ikke garantere, at tredjeparter ikke vil overvinde s\u00e5danne foranstaltninger og f\u00e5 adgang til dine oplysninger til uautoriserede form\u00e5l. Ved at bruge hjemmesiden accepterer du risikoen for, at kompromis af og uautoriseret adgang til dine oplysninger er muligt. I det omfang, det er tilladt i henhold til loven, frasiger vi enhver garanti eller garanterer, at dine oplysninger bliver beskyttet mod misbrug, bevilling, \u00e6ndring eller tab.<\/p>\n\n\n\n<p><strong>ANDRE OPLYSNINGER<\/strong><\/p>\n\n\n\n<p><strong>Links<\/strong><\/p>\n\n\n\n<p>Denne hjemmeside kan indeholde links til andre hjemmesider. V\u00e6r opm\u00e6rksom p\u00e5, at vi ikke er ansvarlige for privatlivets praksis p\u00e5 s\u00e5danne andre websteder. Vi opfordrer dig til at v\u00e6re opm\u00e6rksom p\u00e5, hvorn\u00e5r du forlader vores websted og for at l\u00e6se fortrolighedserkl\u00e6ringerne for hvert websted, der samler personligt identificerbare oplysninger. Denne fortrolighedserkl\u00e6ring g\u00e6lder udelukkende for oplysninger indsamlet af denne hjemmeside.<\/p>\n\n\n\n<p><strong>OFFENTLIGG\u00d8RELSE AF OPLYSNINGER<\/strong><\/p>\n\n\n\n<p>Vi kan videregive eller f\u00e5 adgang til kundeoplysninger, n\u00e5r vi i god tro, tror \u200b\u200bat loven kr\u00e6ver det eller som svar p\u00e5 enhver anmodning fra de retsh\u00e5ndh\u00e6vende myndigheder i forbindelse med en kriminel efterforskning eller civile eller administrative myndigheder i forbindelse med en verserende civil eller administrativ unders\u00f8gelse.<\/p>\n\n\n\n<p><strong>VILK\u00c5R FOR BRUG<\/strong><\/p>\n\n\n\n<ul class=\"wp-block-list\"><li>Indholdet p\u00e5 denne hjemmeside er copyright-beskyttet materiale ejet af os. Den er kun til r\u00e5dighed for din generelle information og brug, og kan \u00e6ndres uden varsel. Vi forbeholder os alle rettigheder med hensyn til hjemmesiden, herunder uden begr\u00e6nsning, ophavsret og immaterielle rettigheder.<\/li><li>Webstedet leveres p\u00e5 \u201csom det er\u201d grundlag. Vi giver ingen garantier af nogen art, udtrykkeligt eller underforst\u00e5et med hensyn til n\u00f8jagtigheden, fuldst\u00e6ndigheden, egnetheden, aktualiteten, tilg\u00e6ngeligheden eller p\u00e5lideligheden af \u200b\u200bhjemmesiden eller de oplysninger eller materialer, der findes eller udbydes p\u00e5 webstedet. Vi fral\u00e6gger alle underforst\u00e5ede garantier, herunder uden begr\u00e6nsning, garantier for salgbarhed, egnethed til et bestemt form\u00e5l, n\u00f8jagtighed af data og ikke-overtr\u00e6delse.<\/li><li>Hverken vi eller nogen af \u200b\u200bvores tilknyttede virksomheder, direkt\u00f8rer, chefer, medarbejdere, partnere eller ejere er ansvarlige for ethvert tab eller skade, der er relateret til brugen af \u200b\u200bdenne hjemmeside.<\/li><\/ul>\n\n\n\n<p>Enhver p\u00e5stand eller \u00e5rsag til handling, der opst\u00e5r som f\u00f8lge af eller relateret til brugen af \u200b\u200bhjemmesiden, er underlagt loven i Danmark, uanset hvor hjemmesiden blev \u00e5bnet eller ans\u00f8gerens oprindelsesland.<\/p>\n\n\n\n<p><strong>SP\u00d8RGSM\u00c5L OM PRIVACY POLICY<\/strong><\/p>\n\n\n\n<p>Hvis du har sp\u00f8rgsm\u00e5l eller klager over denne politik for beskyttelse af personlige oplysninger, skal du kontakte hjemmesiden for praksis p\u00e5 dette websted eller dine interaktioner med dette websted:<\/p>\n\n\n\n<p>Investering og Klima A\/S<\/p>\n\n\n\n<p>Frederiksberggade 6<\/p>\n\n\n\n<p>6640 Lunderskov<\/p>\n\n\n\n<p>contact@investeringogklima.dk<\/p>\n\n\n\n<p>\u00c6NDRINGER TIL DENNE FORTROLIGHEDSPOLITIK<\/p>\n\n\n\n<p>Vi forbeholder os ret til at opdatere eller \u00e6ndre denne politik til enhver tid.<\/p>\n","protected":false},"excerpt":{"rendered":"<p>Investering og Klima A\/S, er forpligtet til at beskytte privatlivets fred for dem, der bes\u00f8ger vores hjemmeside. Som en del af vores normale arbejde, indsamler vi forskellige former for information, om vores bes\u00f8gende p\u00e5 hjemmesiden. Vi har imidlertid struktureret vores hjemmesider, s\u00e5 folk har mulighed for at bes\u00f8ge uden at identificere sig selv eller afsl\u00f8re [&hellip;]<\/p>\n","protected":false},"author":4,"featured_media":0,"parent":0,"menu_order":0,"comment_status":"closed","ping_status":"closed","template":"","meta":{"footnotes":""},"class_list":["post-1117","page","type-page","status-publish","hentry"],"_links":{"self":[{"href":"https:\/\/investeringogklima.dk\/index.php\/wp-json\/wp\/v2\/pages\/1117","targetHints":{"allow":["GET"]}}],"collection":[{"href":"https:\/\/investeringogklima.dk\/index.php\/wp-json\/wp\/v2\/pages"}],"about":[{"href":"https:\/\/investeringogklima.dk\/index.php\/wp-json\/wp\/v2\/types\/page"}],"author":[{"embeddable":true,"href":"https:\/\/investeringogklima.dk\/index.php\/wp-json\/wp\/v2\/users\/4"}],"replies":[{"embeddable":true,"href":"https:\/\/investeringogklima.dk\/index.php\/wp-json\/wp\/v2\/comments?post=1117"}],"version-history":[{"count":2,"href":"https:\/\/investeringogklima.dk\/index.php\/wp-json\/wp\/v2\/pages\/1117\/revisions"}],"predecessor-version":[{"id":1711,"href":"https:\/\/investeringogklima.dk\/index.php\/wp-json\/wp\/v2\/pages\/1117\/revisions\/1711"}],"wp:attachment":[{"href":"https:\/\/investeringogklima.dk\/index.php\/wp-json\/wp\/v2\/media?parent=1117"}],"curies":[{"name":"wp","href":"https:\/\/api.w.org\/{rel}","templated":true}]}}